{"id":1128,"date":"2022-01-30T20:48:37","date_gmt":"2022-01-30T19:48:37","guid":{"rendered":"https:\/\/www2.siirtolapuutarha.fi\/?page_id=1128"},"modified":"2022-08-17T14:24:24","modified_gmt":"2022-08-17T12:24:24","slug":"att-kopa","status":"publish","type":"page","link":"https:\/\/www.siirtolapuutarha.fi\/fi\/att-kopa\/","title":{"rendered":"Ostaminen"},"content":{"rendered":"<div class=\"wp-block-image is-style-default\">\n<figure class=\"aligncenter size-full is-resized\"><img loading=\"lazy\" decoding=\"async\" src=\"https:\/\/www.siirtolapuutarha.fi\/wp-content\/uploads\/2022\/08\/Logga-Hakan-Ronnqvist-hemsida-SV-2022-08-15.png\" alt=\"\" class=\"wp-image-2233\" width=\"405\" height=\"128\" srcset=\"https:\/\/www.siirtolapuutarha.fi\/wp-content\/uploads\/2022\/08\/Logga-Hakan-Ronnqvist-hemsida-SV-2022-08-15.png 540w, https:\/\/www.siirtolapuutarha.fi\/wp-content\/uploads\/2022\/08\/Logga-Hakan-Ronnqvist-hemsida-SV-2022-08-15-300x94.png 300w, https:\/\/www.siirtolapuutarha.fi\/wp-content\/uploads\/2022\/08\/Logga-Hakan-Ronnqvist-hemsida-SV-2022-08-15-18x6.png 18w\" sizes=\"auto, (max-width: 405px) 100vw, 405px\" \/><\/figure><\/div>\n\n\n<p><\/p>\n\n\n\n<p>H\u00e5kan R\u00f6nnqvist hoitaa myynti ja siirtolapuutarham\u00f6kin pystytt\u00e4minen m\u00f6kkitoimittajan <a rel=\"noreferrer noopener\" href=\"https:\/\/saunat.net\/\" target=\"_blank\">Teuvan M\u00f6kki \u2013 ja sorvituote Oy<\/a> ja pakallisten yhti\u00f6iden avulla, joilla on pitk\u00e4aikainen kokemus \u00c5minnen Siirtolapuutarhasta.  <br><\/p>\n\n\n<style>.wp-block-kadence-advancedheading.kt-adv-heading_458f53-3d, .wp-block-kadence-advancedheading.kt-adv-heading_458f53-3d[data-kb-block=\"kb-adv-heading_458f53-3d\"]{font-style:normal;}.wp-block-kadence-advancedheading.kt-adv-heading_458f53-3d mark.kt-highlight, .wp-block-kadence-advancedheading.kt-adv-heading_458f53-3d[data-kb-block=\"kb-adv-heading_458f53-3d\"] mark.kt-highlight{font-style:normal;color:#f76a0c;-webkit-box-decoration-break:clone;box-decoration-break:clone;padding-top:0px;padding-right:0px;padding-bottom:0px;padding-left:0px;}<\/style>\n<h5 class=\"kt-adv-heading_458f53-3d wp-block-kadence-advancedheading\" data-kb-block=\"kb-adv-heading_458f53-3d\">N\u00e4in siirtolapuutarhan m\u00f6kin ja tontin ostaminen toimii<\/h5>\n\n\n<style>.wp-block-kadence-iconlist.kt-svg-icon-list-items_05af69-5c:not(.this-stops-third-party-issues){margin-top:0px;margin-bottom:0px;}.wp-block-kadence-iconlist.kt-svg-icon-list-items_05af69-5c ul.kt-svg-icon-list:not(.this-prevents-issues):not(.this-stops-third-party-issues):not(.tijsloc){margin-top:0px;margin-right:0px;margin-bottom:var(--global-kb-spacing-sm, 1.5rem);margin-left:0px;}.wp-block-kadence-iconlist.kt-svg-icon-list-items_05af69-5c ul.kt-svg-icon-list{grid-row-gap:15px;}.wp-block-kadence-iconlist.kt-svg-icon-list-items_05af69-5c ul.kt-svg-icon-list .kt-svg-icon-list-item-wrap .kt-svg-icon-list-single{margin-right:10px;}.kt-svg-icon-list-items_05af69-5c ul.kt-svg-icon-list .kt-svg-icon-list-level-0 .kt-svg-icon-list-single svg{font-size:20px;}.kt-svg-icon-list-items_05af69-5c ul.kt-svg-icon-list .kt-svg-icon-list-level-1 .kt-svg-icon-list-single svg{font-size:20px;}.kt-svg-icon-list-items_05af69-5c ul.kt-svg-icon-list .kt-svg-icon-list-level-2 .kt-svg-icon-list-single svg{font-size:20px;}.kt-svg-icon-list-items_05af69-5c ul.kt-svg-icon-list .kt-svg-icon-list-level-3 .kt-svg-icon-list-single svg{font-size:20px;}<\/style>\n<div class=\"wp-block-kadence-iconlist kt-svg-icon-list-items kt-svg-icon-list-items_05af69-5c kt-svg-icon-list-columns-1 alignnone\"><ul class=\"kt-svg-icon-list\"><li class=\"kt-svg-icon-list-style-default kt-svg-icon-list-item-wrap kt-svg-icon-list-item-0\"><div style=\"display:inline-flex;justify-content:center;align-items:center\" class=\"kt-svg-icon-list-single kt-svg-icon-list-single-fe_checkCircle\"><svg style=\"display:inline-block;vertical-align:middle\" viewbox=\"0 0 24 24\" height=\"20\" width=\"20\" fill=\"none\" stroke=\"currentColor\" xmlns=\"http:\/\/www.w3.org\/2000\/svg\" stroke-width=\"2\" stroke-linecap=\"round\" stroke-linejoin=\"round\" aria-hidden=\"true\"><path d=\"M22 11.08V12a10 10 0 1 1-5.93-9.14\"><\/path><polyline points=\"22 4 12 14.01 9 11.01\"><\/polyline><\/svg><\/div><span class=\"kt-svg-icon-list-text\">Ostaja ja H\u00e5kan R\u00f6nnqvist kirjoittavat kauppakirjan. H\u00e5kan hoitaa tontin kunnostamisen ja m\u00f6kin rakentamisen paikallisten yritysten avulla.<\/span><\/li><li class=\"kt-svg-icon-list-style-default kt-svg-icon-list-item-wrap kt-svg-icon-list-item-1\"><div style=\"display:inline-flex;justify-content:center;align-items:center\" class=\"kt-svg-icon-list-single kt-svg-icon-list-single-fe_checkCircle\"><svg style=\"display:inline-block;vertical-align:middle\" viewbox=\"0 0 24 24\" height=\"20\" width=\"20\" fill=\"none\" stroke=\"currentColor\" xmlns=\"http:\/\/www.w3.org\/2000\/svg\" stroke-width=\"2\" stroke-linecap=\"round\" stroke-linejoin=\"round\" aria-hidden=\"true\"><path d=\"M22 11.08V12a10 10 0 1 1-5.93-9.14\"><\/path><polyline points=\"22 4 12 14.01 9 11.01\"><\/polyline><\/svg><\/div><span class=\"kt-svg-icon-list-text\">Maksu on jaettu moneen osaan ja maksut suoritetaan rakentamisen edetess\u00e4.<\/span><\/li><li class=\"kt-svg-icon-list-style-default kt-svg-icon-list-item-wrap kt-svg-icon-list-item-2\"><div style=\"display:inline-flex;justify-content:center;align-items:center\" class=\"kt-svg-icon-list-single kt-svg-icon-list-single-fe_checkCircle\"><svg style=\"display:inline-block;vertical-align:middle\" viewbox=\"0 0 24 24\" height=\"20\" width=\"20\" fill=\"none\" stroke=\"currentColor\" xmlns=\"http:\/\/www.w3.org\/2000\/svg\" stroke-width=\"2\" stroke-linecap=\"round\" stroke-linejoin=\"round\" aria-hidden=\"true\"><path d=\"M22 11.08V12a10 10 0 1 1-5.93-9.14\"><\/path><polyline points=\"22 4 12 14.01 9 11.01\"><\/polyline><\/svg><\/div><span class=\"kt-svg-icon-list-text\">Kun maksu on t\u00e4ysin suoritettu ja kunta on tehnyt tarkastuksen, omistajasta tulee asunto-osakeyhti\u00f6n j\u00e4sen ja omistaa <br>m\u00f6kkins\u00e4 samalla tavalla kuin kerrostalon osakas.<\/span><\/li><\/ul><\/div>\n\n\n<style>.wp-block-kadence-spacer.kt-block-spacer-_a268b7-47 .kt-block-spacer{height:60px;}.wp-block-kadence-spacer.kt-block-spacer-_a268b7-47 .kt-divider{border-top-width:1px;height:1px;border-top-color:var(--global-palette9, #ffffff);width:80%;border-top-style:solid;}<\/style>\n<div class=\"wp-block-kadence-spacer aligncenter kt-block-spacer-_a268b7-47\"><div class=\"kt-block-spacer kt-block-spacer-halign-center\" style=\"height:60px\"><hr class=\"kt-divider\" style=\"border-top-color:var(--global-palette9);border-top-width:1px;width:80%;border-top-style:solid\"\/><\/div><\/div>\n\n\n<style>.wp-block-kadence-advancedbtn.kb-btns_5fedef-84{gap:var(--global-kb-gap-xs, 0.5rem );justify-content:center;align-items:center;}.kt-btns_5fedef-84 .kt-button{font-weight:normal;font-style:normal;text-transform:none;}.kt-btns_5fedef-84 .kt-btn-wrap-0{margin-right:5px;}.wp-block-kadence-advancedbtn.kt-btns_5fedef-84 .kt-btn-wrap-0 .kt-button{color:var(--global-palette3, #1A202C);font-size:22px;background:var(--global-palette9, #ffffff);border-color:#555555;box-shadow:1px 1px 2px 0px rgba(0, 0, 0, 0.2);}.wp-block-kadence-advancedbtn.kt-btns_5fedef-84 .kt-btn-wrap-0 .kt-button:hover, .wp-block-kadence-advancedbtn.kt-btns_5fedef-84 .kt-btn-wrap-0 .kt-button:focus{color:var(--global-palette1, #3182CE);border-color:var(--global-palette1, #3182CE);}.wp-block-kadence-advancedbtn.kt-btns_5fedef-84 .kt-btn-wrap-0 .kt-button::before{display:none;}.wp-block-kadence-advancedbtn.kt-btns_5fedef-84 .kt-btn-wrap-0 .kt-button:hover, .wp-block-kadence-advancedbtn.kt-btns_5fedef-84 .kt-btn-wrap-0 .kt-button:focus{background:var(--global-palette9, #ffffff);}<\/style>\n<div class=\"wp-block-kadence-advancedbtn kt-btn-align-center kt-btn-tablet-align-inherit kt-btn-mobile-align-inherit kt-btns-wrap kt-btns_5fedef-84\"><div class=\"kt-btn-wrap kt-btn-wrap-0\"><a class=\"kt-button button kt-btn-0-action kt-btn-size-standard kt-btn-style-basic kt-btn-svg-show-always kt-btn-has-text-true kt-btn-has-svg-true\" href=\"https:\/\/www.siirtolapuutarha.fi\/wp-content\/uploads\/2022\/08\/Ostaminen-askel-askeleelta-20220815-1.pdf\" target=\"_blank\" rel=\"noreferrer noopener\" style=\"border-radius:5px\"><span class=\"kt-btn-inner-text\">Lue lis\u00e4\u00e4 <\/span><div style=\"display:inline-flex;justify-content:center;align-items:center\" class=\"kt-btn-svg-icon kt-btn-svg-icon-fe_chevronRight kt-btn-side-right\"><svg style=\"display:inline-block;vertical-align:middle\" viewbox=\"0 0 24 24\" height=\"1em\" width=\"1em\" fill=\"none\" stroke=\"currentColor\" xmlns=\"http:\/\/www.w3.org\/2000\/svg\" stroke-width=\"2\" stroke-linecap=\"round\" stroke-linejoin=\"round\"><polyline points=\"9 18 15 12 9 6\"><\/polyline><\/svg><\/div><\/a><\/div><\/div>\n\n\n\n<p><\/p>","protected":false},"excerpt":{"rendered":"<p>H\u00e5kan R\u00f6nnqvist sk\u00f6ter f\u00f6rs\u00e4ljning och samordnar byggnation av kolonilottsstugor med husleverant\u00f6r Teuvan M\u00f6kki &#8211; ja sorvituote Oy och lokala entrepren\u00f6rer med l\u00e5ng erfarenhet av \u00c5minne kolonilotter. S\u00e5 g\u00e5r det till att k\u00f6pa sin kolonilott med stuga<\/p>","protected":false},"author":2,"featured_media":0,"parent":0,"menu_order":0,"comment_status":"closed","ping_status":"closed","template":"","meta":{"_eb_attr":"","_kadence_starter_templates_imported_post":false,"_kad_post_transparent":"","_kad_post_title":"","_kad_post_layout":"","_kad_post_sidebar_id":"","_kad_post_content_style":"","_kad_post_vertical_padding":"","_kad_post_feature":"","_kad_post_feature_position":"","_kad_post_header":false,"_kad_post_footer":false,"footnotes":""},"class_list":["post-1128","page","type-page","status-publish","hentry"],"_links":{"self":[{"href":"https:\/\/www.siirtolapuutarha.fi\/fi\/wp-json\/wp\/v2\/pages\/1128","targetHints":{"allow":["GET"]}}],"collection":[{"href":"https:\/\/www.siirtolapuutarha.fi\/fi\/wp-json\/wp\/v2\/pages"}],"about":[{"href":"https:\/\/www.siirtolapuutarha.fi\/fi\/wp-json\/wp\/v2\/types\/page"}],"author":[{"embeddable":true,"href":"https:\/\/www.siirtolapuutarha.fi\/fi\/wp-json\/wp\/v2\/users\/2"}],"replies":[{"embeddable":true,"href":"https:\/\/www.siirtolapuutarha.fi\/fi\/wp-json\/wp\/v2\/comments?post=1128"}],"version-history":[{"count":25,"href":"https:\/\/www.siirtolapuutarha.fi\/fi\/wp-json\/wp\/v2\/pages\/1128\/revisions"}],"predecessor-version":[{"id":2292,"href":"https:\/\/www.siirtolapuutarha.fi\/fi\/wp-json\/wp\/v2\/pages\/1128\/revisions\/2292"}],"wp:attachment":[{"href":"https:\/\/www.siirtolapuutarha.fi\/fi\/wp-json\/wp\/v2\/media?parent=1128"}],"curies":[{"name":"wp","href":"https:\/\/api.w.org\/{rel}","templated":true}]}}